{"id":2,"date":"2026-02-16T16:46:19","date_gmt":"2026-02-16T16:46:19","guid":{"rendered":"https:\/\/ladintr.com\/?page_id=2"},"modified":"2026-02-16T20:45:10","modified_gmt":"2026-02-16T20:45:10","slug":"sample-page","status":"publish","type":"page","link":"https:\/\/ladintr.com\/?page_id=2","title":{"rendered":"Hakk\u0131m\u0131zda"},"content":{"rendered":"\n<blockquote class=\"wp-block-quote is-layout-flow wp-block-quote-is-layout-flow\">\n<p>Biz stilin bir tercih de\u011fil, bir ya\u015fam bi\u00e7imi oldu\u011funa inan\u0131yoruz. Her koleksiyonumuz; zarafeti, kaliteyi ve modern \u00e7izgiyi bir araya getiren se\u00e7kin tasar\u0131mlardan olu\u015fur.<\/p>\n\n\n\n<p>\u00dcr\u00fcnlerimiz yaln\u0131zca bir aksesuar de\u011fil, karakterinizi yans\u0131tan imza par\u00e7alard\u0131r. Se\u00e7ti\u011fimiz her model; doku, i\u015f\u00e7ilik ve estetik a\u00e7\u0131s\u0131ndan titizlikle de\u011ferlendirilir. \u00c7\u00fcnk\u00fc ger\u00e7ek l\u00fcks, g\u00f6steri\u015fte de\u011fil detayda sakl\u0131d\u0131r.<\/p>\n\n\n\n<p>Amac\u0131m\u0131z; g\u00fcnl\u00fck hayat\u0131n temposunda da \u00f6zel anlar\u0131n\u0131zda da size e\u015flik edecek, zamans\u0131z bir stil sunmak.<\/p>\n\n\n\n<p>Kalite bizim standard\u0131m\u0131z,<br>memnuniyet ise vazge\u00e7ilmez prensibimizdir.<\/p>\n<\/blockquote>\n\n\n\n<p><\/p>\n","protected":false},"excerpt":{"rendered":"<p>Biz stilin bir tercih de\u011fil, bir ya\u015fam bi\u00e7imi oldu\u011funa inan\u0131yoruz. Her koleksiyonumuz; zarafeti, kaliteyi ve modern \u00e7izgiyi bir araya getiren se\u00e7kin tasar\u0131mlardan olu\u015fur. \u00dcr\u00fcnlerimiz yaln\u0131zca bir aksesuar de\u011fil, karakterinizi yans\u0131tan imza par\u00e7alard\u0131r. Se\u00e7ti\u011fimiz her model; doku, i\u015f\u00e7ilik ve estetik a\u00e7\u0131s\u0131ndan titizlikle de\u011ferlendirilir. \u00c7\u00fcnk\u00fc ger\u00e7ek l\u00fcks, g\u00f6steri\u015fte de\u011fil detayda sakl\u0131d\u0131r. Amac\u0131m\u0131z; g\u00fcnl\u00fck hayat\u0131n temposunda da \u00f6zel [&hellip;]<\/p>\n","protected":false},"author":1,"featured_media":0,"parent":0,"menu_order":0,"comment_status":"closed","ping_status":"open","template":"","meta":{"footnotes":""},"class_list":["post-2","page","type-page","status-publish","hentry"],"blocksy_meta":[],"_links":{"self":[{"href":"https:\/\/ladintr.com\/index.php?rest_route=\/wp\/v2\/pages\/2","targetHints":{"allow":["GET"]}}],"collection":[{"href":"https:\/\/ladintr.com\/index.php?rest_route=\/wp\/v2\/pages"}],"about":[{"href":"https:\/\/ladintr.com\/index.php?rest_route=\/wp\/v2\/types\/page"}],"author":[{"embeddable":true,"href":"https:\/\/ladintr.com\/index.php?rest_route=\/wp\/v2\/users\/1"}],"replies":[{"embeddable":true,"href":"https:\/\/ladintr.com\/index.php?rest_route=%2Fwp%2Fv2%2Fcomments&post=2"}],"version-history":[{"count":2,"href":"https:\/\/ladintr.com\/index.php?rest_route=\/wp\/v2\/pages\/2\/revisions"}],"predecessor-version":[{"id":64,"href":"https:\/\/ladintr.com\/index.php?rest_route=\/wp\/v2\/pages\/2\/revisions\/64"}],"wp:attachment":[{"href":"https:\/\/ladintr.com\/index.php?rest_route=%2Fwp%2Fv2%2Fmedia&parent=2"}],"curies":[{"name":"wp","href":"https:\/\/api.w.org\/{rel}","templated":true}]}}